{"id":3530,"date":"2025-07-03T17:14:57","date_gmt":"2025-07-03T15:14:57","guid":{"rendered":"https:\/\/www.schoeller-forschungszentrum.rw.fau.de\/?page_id=3530"},"modified":"2025-07-03T17:22:18","modified_gmt":"2025-07-03T15:22:18","slug":"contact","status":"publish","type":"page","link":"https:\/\/www.schoeller-forschungszentrum.de\/en\/contact\/","title":{"rendered":"Contact"},"content":{"rendered":"<p><b>Dr. Theo and Friedl Sch\u00f6ller<br \/>\nResearch Center for Business and Society<\/b><\/p>\n<p class=\"kontakt\">FAU Erlangen-N\u00fcrnberg<br \/>\nSchool of Business, Economics and Society (WiSo)<br \/>\nLange Gasse 20<br \/>\nD-90403 N\u00fcrnberg<\/p>\n<p><a href=\"mailto:info@schoeller-forschungszentrum.de\">info@schoeller-forschungszentrum.de<\/a><\/p>\n","protected":false},"excerpt":{"rendered":"<p>Dr. Theo and Friedl Sch\u00f6ller Research Center for Business and Society FAU Erlangen-N\u00fcrnberg School of Business, Economics and Society (WiSo) Lange Gasse 20 D-90403 N\u00fcrnberg info@schoeller-forschungszentrum.de<\/p>\n","protected":false},"author":1408,"featured_media":0,"parent":0,"menu_order":0,"comment_status":"closed","ping_status":"closed","template":"","meta":{"_rrze_cache":"enabled","_rrze_multilang_single_locale":"en_US","_rrze_multilang_single_source":"\/?page_id=11","footnotes":""},"page_category":[],"page_tag":[],"class_list":["post-3530","page","type-page","status-publish","hentry","en-US"],"_links":{"self":[{"href":"https:\/\/www.schoeller-forschungszentrum.de\/wp-json\/wp\/v2\/pages\/3530","targetHints":{"allow":["GET"]}}],"collection":[{"href":"https:\/\/www.schoeller-forschungszentrum.de\/wp-json\/wp\/v2\/pages"}],"about":[{"href":"https:\/\/www.schoeller-forschungszentrum.de\/wp-json\/wp\/v2\/types\/page"}],"author":[{"embeddable":true,"href":"https:\/\/www.schoeller-forschungszentrum.de\/wp-json\/wp\/v2\/users\/1408"}],"replies":[{"embeddable":true,"href":"https:\/\/www.schoeller-forschungszentrum.de\/wp-json\/wp\/v2\/comments?post=3530"}],"version-history":[{"count":3,"href":"https:\/\/www.schoeller-forschungszentrum.de\/wp-json\/wp\/v2\/pages\/3530\/revisions"}],"predecessor-version":[{"id":3537,"href":"https:\/\/www.schoeller-forschungszentrum.de\/wp-json\/wp\/v2\/pages\/3530\/revisions\/3537"}],"wp:attachment":[{"href":"https:\/\/www.schoeller-forschungszentrum.de\/wp-json\/wp\/v2\/media?parent=3530"}],"wp:term":[{"taxonomy":"page_category","embeddable":true,"href":"https:\/\/www.schoeller-forschungszentrum.de\/wp-json\/wp\/v2\/page_category?post=3530"},{"taxonomy":"page_tag","embeddable":true,"href":"https:\/\/www.schoeller-forschungszentrum.de\/wp-json\/wp\/v2\/page_tag?post=3530"}],"curies":[{"name":"wp","href":"https:\/\/api.w.org\/{rel}","templated":true}]}}